{"id":1731,"date":"2020-05-19T10:56:45","date_gmt":"2020-05-19T09:56:45","guid":{"rendered":"https:\/\/www.squeaker.net\/shop\/?post_type=product&#038;p=1731"},"modified":"2025-06-26T12:28:58","modified_gmt":"2025-06-26T11:28:58","slug":"praktikum-im-consulting","status":"publish","type":"product","link":"https:\/\/www.squeaker.net\/shop\/produkt\/praktikum-im-consulting\/","title":{"rendered":"Praktikum im Consulting"},"content":{"rendered":"<p><strong>Von der Stellensuche \u00fcber die Bewerbung bis zum erfolgreichen Einstieg als Praktikant: <\/strong><\/p>\n<ul>\n<li><span style=\"font-weight: 400;\">Wie die Beraterbranche tickt: Der \u00dcberblick f\u00fcr Einsteiger<\/span><\/li>\n<li><span style=\"font-weight: 400;\">Bewerbung im Consulting: Von Golden Rules bis zu Tabus\u00a0<\/span><\/li>\n<li><span style=\"font-weight: 400;\">Perfekt vorbereitet auf Case Studies und Brainteaser: Tipps zur L\u00f6sung und Aufgaben zum \u00dcben\u00a0<\/span><\/li>\n<li><span style=\"font-weight: 400;\">Praktikum bekommen? So l\u00e4uft beim ersten Projekt alles nach Plan <\/span><\/li>\n<\/ul>\n<p><span style=\"font-weight: 400;\">Die Buch-Reihe Das Insider-Dossier begleitet Praktikanten und Festeinsteiger effizient durch den gesamten Bewerbungsprozess und die ersten Projekte:<\/span><\/p>\n<ul>\n<li><span style=\"font-weight: 400;\">Praktikum im Consulting<\/span><\/li>\n<li><span style=\"font-weight: 400;\">Bewerbung bei Unternehmensberatungen<\/span><\/li>\n<li><span style=\"font-weight: 400;\">Consulting Case-Training\u00a0<\/span><\/li>\n<li><span style=\"font-weight: 400;\">Brainteaser im Bewerbungsgespr\u00e4ch<\/span><\/li>\n<li><span style=\"font-weight: 400;\">Consulting Survival Guide<\/span><\/li>\n<\/ul>\n<p><b>Meinungen und Rezensionen zum Consulting-Buch<\/b><\/p>\n<p><span style=\"font-weight: 400;\">\u201e<\/span><span style=\"font-weight: 400;\">Ein Praktikum ist die beste M\u00f6glichkeit, herauszufinden, ob man sich f\u00fcr die T\u00e4tigkeit als Unternehmensberater begeistern kann.&#8220; &#8211; <\/span><span style=\"font-weight: 400;\">McKinsey &amp; Company<\/span><\/p>\n<p><strong>\u00dcbersicht &amp; Leseprobe zum Buch Praktikum im Consulting<\/strong><\/p>\n<p><span style=\"font-weight: 400;\">Inhaltsverzeichnis 2. Auflage <\/span><span style=\"font-weight: 400;\">als PDF:\u00a0<\/span><a href=\"https:\/\/www.squeaker.net\/file\/upload\/SQN_Praktikum_Consulting_2020_IVZ.pdf\"><span style=\"font-weight: 400;\">&#8222;Praktikum im Consulting&#8220;<\/span><\/a><\/p>\n<p>Einf\u00fchrung 2. Auflage als PDF: <a href=\"https:\/\/www.squeaker.net\/file\/upload\/SQN_Praktikum_Consulting_2020_Einleitung.pdf\">&#8222;Praktikum im Consulting&#8220;<\/a><\/p>\n<p><span class=\"style2\">Kostenlose Lieferung*<\/span>\u00a0und schnelle Zustellung bei Bestellung \u00fcber squeaker.net. Steuerlich absetzbar*.<\/p>\n","protected":false},"excerpt":{"rendered":"<p><span style=\"font-weight: 400;\">Dieses Buch ist deine Geheimwaffe, um optimal auf den ersten Schritt deiner Karriere vorbereitet zu sein. Durch die vielen Insider-Tipps, Stories aus der Beraterpraxis, Styleguides und Brainteaser-Trainings entwickelst du die n\u00f6tigen Skills f\u00fcr deinen <\/span><span style=\"font-weight: 400;\">Einsatz als Praktikant &#8211; und damit f\u00fcr die Karriere in der Unternehmensberatung.<\/span><\/p>\n","protected":false},"featured_media":3574,"template":"","meta":[],"product_brand":[],"product_cat":[125],"product_tag":[],"class_list":{"0":"post-1731","1":"product","2":"type-product","3":"status-publish","4":"has-post-thumbnail","6":"product_cat-consulting-studierende","8":"first","9":"instock","10":"taxable","11":"shipping-taxable","12":"purchasable","13":"product-type-simple"},"yoast_head":"<!-- This site is optimized with the Yoast SEO plugin v27.2 - https:\/\/yoast.com\/product\/yoast-seo-wordpress\/ -->\n<title>Praktikum im Consulting - Insider-Dossiers<\/title>\n<meta name=\"description\" content=\"Von der Stellensuche \u00fcber die Bewerbung bis zum erfolgreichen Einstieg als Praktikant im Consulting\" \/>\n<meta name=\"robots\" content=\"index, follow, max-snippet:-1, max-image-preview:large, max-video-preview:-1\" \/>\n<link rel=\"canonical\" href=\"https:\/\/www.squeaker.net\/shop\/produkt\/praktikum-im-consulting\/\" \/>\n<meta property=\"og:locale\" content=\"de_DE\" \/>\n<meta property=\"og:type\" content=\"article\" \/>\n<meta property=\"og:title\" content=\"Praktikum im Consulting - Insider-Dossiers\" \/>\n<meta property=\"og:description\" content=\"Von der Stellensuche \u00fcber die Bewerbung bis zum erfolgreichen Einstieg als Praktikant im Consulting\" \/>\n<meta property=\"og:url\" content=\"https:\/\/www.squeaker.net\/shop\/produkt\/praktikum-im-consulting\/\" \/>\n<meta property=\"og:site_name\" content=\"Insider-Dossiers\" \/>\n<meta property=\"article:modified_time\" content=\"2025-06-26T11:28:58+00:00\" \/>\n<meta property=\"og:image\" content=\"https:\/\/www.squeaker.net\/shop\/wp-content\/uploads\/2023\/03\/SQ_MOCKUP_TEMPLATE_Praktikum_1200x1200.png\" \/>\n\t<meta property=\"og:image:width\" content=\"1200\" \/>\n\t<meta property=\"og:image:height\" content=\"1200\" \/>\n\t<meta property=\"og:image:type\" content=\"image\/png\" \/>\n<meta name=\"twitter:card\" content=\"summary_large_image\" \/>\n<meta name=\"twitter:label1\" content=\"Est. reading time\" \/>\n\t<meta name=\"twitter:data1\" content=\"1\u00a0Minute\" \/>\n<script type=\"application\/ld+json\" class=\"yoast-schema-graph\">{\"@context\":\"https:\/\/schema.org\",\"@graph\":[{\"@type\":\"WebPage\",\"@id\":\"https:\/\/www.squeaker.net\/shop\/produkt\/praktikum-im-consulting\/\",\"url\":\"https:\/\/www.squeaker.net\/shop\/produkt\/praktikum-im-consulting\/\",\"name\":\"Praktikum im Consulting - Insider-Dossiers\",\"isPartOf\":{\"@id\":\"https:\/\/www.squeaker.net\/shop\/#website\"},\"primaryImageOfPage\":{\"@id\":\"https:\/\/www.squeaker.net\/shop\/produkt\/praktikum-im-consulting\/#primaryimage\"},\"image\":{\"@id\":\"https:\/\/www.squeaker.net\/shop\/produkt\/praktikum-im-consulting\/#primaryimage\"},\"thumbnailUrl\":\"https:\/\/www.squeaker.net\/shop\/wp-content\/uploads\/2023\/03\/SQ_MOCKUP_TEMPLATE_Praktikum_1200x1200.png\",\"datePublished\":\"2020-05-19T09:56:45+00:00\",\"dateModified\":\"2025-06-26T11:28:58+00:00\",\"description\":\"Von der Stellensuche \u00fcber die Bewerbung bis zum erfolgreichen Einstieg als Praktikant im Consulting\",\"breadcrumb\":{\"@id\":\"https:\/\/www.squeaker.net\/shop\/produkt\/praktikum-im-consulting\/#breadcrumb\"},\"inLanguage\":\"de\",\"potentialAction\":[{\"@type\":\"ReadAction\",\"target\":[\"https:\/\/www.squeaker.net\/shop\/produkt\/praktikum-im-consulting\/\"]}]},{\"@type\":\"ImageObject\",\"inLanguage\":\"de\",\"@id\":\"https:\/\/www.squeaker.net\/shop\/produkt\/praktikum-im-consulting\/#primaryimage\",\"url\":\"https:\/\/www.squeaker.net\/shop\/wp-content\/uploads\/2023\/03\/SQ_MOCKUP_TEMPLATE_Praktikum_1200x1200.png\",\"contentUrl\":\"https:\/\/www.squeaker.net\/shop\/wp-content\/uploads\/2023\/03\/SQ_MOCKUP_TEMPLATE_Praktikum_1200x1200.png\",\"width\":1200,\"height\":1200,\"caption\":\"Eine Visualisierung des Buches \u201cPraktikum im Consulting\u201d aufrecht stehend auf hellem Hintergrund\"},{\"@type\":\"BreadcrumbList\",\"@id\":\"https:\/\/www.squeaker.net\/shop\/produkt\/praktikum-im-consulting\/#breadcrumb\",\"itemListElement\":[{\"@type\":\"ListItem\",\"position\":1,\"name\":\"Home\",\"item\":\"https:\/\/www.squeaker.net\/shop\/\"},{\"@type\":\"ListItem\",\"position\":2,\"name\":\"Insider-Dossiers\",\"item\":\"https:\/\/www.squeaker.net\/shop\/\"},{\"@type\":\"ListItem\",\"position\":3,\"name\":\"Praktikum im Consulting\"}]},{\"@type\":\"WebSite\",\"@id\":\"https:\/\/www.squeaker.net\/shop\/#website\",\"url\":\"https:\/\/www.squeaker.net\/shop\/\",\"name\":\"Insider-Dossiers\",\"description\":\"Insider-Dossiers by squeaker.net\",\"potentialAction\":[{\"@type\":\"SearchAction\",\"target\":{\"@type\":\"EntryPoint\",\"urlTemplate\":\"https:\/\/www.squeaker.net\/shop\/?s={search_term_string}\"},\"query-input\":{\"@type\":\"PropertyValueSpecification\",\"valueRequired\":true,\"valueName\":\"search_term_string\"}}],\"inLanguage\":\"de\"}]}<\/script>\n<!-- \/ Yoast SEO plugin. -->","yoast_head_json":{"title":"Praktikum im Consulting - Insider-Dossiers","description":"Von der Stellensuche \u00fcber die Bewerbung bis zum erfolgreichen Einstieg als Praktikant im Consulting","robots":{"index":"index","follow":"follow","max-snippet":"max-snippet:-1","max-image-preview":"max-image-preview:large","max-video-preview":"max-video-preview:-1"},"canonical":"https:\/\/www.squeaker.net\/shop\/produkt\/praktikum-im-consulting\/","og_locale":"de_DE","og_type":"article","og_title":"Praktikum im Consulting - Insider-Dossiers","og_description":"Von der Stellensuche \u00fcber die Bewerbung bis zum erfolgreichen Einstieg als Praktikant im Consulting","og_url":"https:\/\/www.squeaker.net\/shop\/produkt\/praktikum-im-consulting\/","og_site_name":"Insider-Dossiers","article_modified_time":"2025-06-26T11:28:58+00:00","og_image":[{"width":1200,"height":1200,"url":"https:\/\/www.squeaker.net\/shop\/wp-content\/uploads\/2023\/03\/SQ_MOCKUP_TEMPLATE_Praktikum_1200x1200.png","type":"image\/png"}],"twitter_card":"summary_large_image","twitter_misc":{"Est. reading time":"1\u00a0Minute"},"schema":{"@context":"https:\/\/schema.org","@graph":[{"@type":"WebPage","@id":"https:\/\/www.squeaker.net\/shop\/produkt\/praktikum-im-consulting\/","url":"https:\/\/www.squeaker.net\/shop\/produkt\/praktikum-im-consulting\/","name":"Praktikum im Consulting - Insider-Dossiers","isPartOf":{"@id":"https:\/\/www.squeaker.net\/shop\/#website"},"primaryImageOfPage":{"@id":"https:\/\/www.squeaker.net\/shop\/produkt\/praktikum-im-consulting\/#primaryimage"},"image":{"@id":"https:\/\/www.squeaker.net\/shop\/produkt\/praktikum-im-consulting\/#primaryimage"},"thumbnailUrl":"https:\/\/www.squeaker.net\/shop\/wp-content\/uploads\/2023\/03\/SQ_MOCKUP_TEMPLATE_Praktikum_1200x1200.png","datePublished":"2020-05-19T09:56:45+00:00","dateModified":"2025-06-26T11:28:58+00:00","description":"Von der Stellensuche \u00fcber die Bewerbung bis zum erfolgreichen Einstieg als Praktikant im Consulting","breadcrumb":{"@id":"https:\/\/www.squeaker.net\/shop\/produkt\/praktikum-im-consulting\/#breadcrumb"},"inLanguage":"de","potentialAction":[{"@type":"ReadAction","target":["https:\/\/www.squeaker.net\/shop\/produkt\/praktikum-im-consulting\/"]}]},{"@type":"ImageObject","inLanguage":"de","@id":"https:\/\/www.squeaker.net\/shop\/produkt\/praktikum-im-consulting\/#primaryimage","url":"https:\/\/www.squeaker.net\/shop\/wp-content\/uploads\/2023\/03\/SQ_MOCKUP_TEMPLATE_Praktikum_1200x1200.png","contentUrl":"https:\/\/www.squeaker.net\/shop\/wp-content\/uploads\/2023\/03\/SQ_MOCKUP_TEMPLATE_Praktikum_1200x1200.png","width":1200,"height":1200,"caption":"Eine Visualisierung des Buches \u201cPraktikum im Consulting\u201d aufrecht stehend auf hellem Hintergrund"},{"@type":"BreadcrumbList","@id":"https:\/\/www.squeaker.net\/shop\/produkt\/praktikum-im-consulting\/#breadcrumb","itemListElement":[{"@type":"ListItem","position":1,"name":"Home","item":"https:\/\/www.squeaker.net\/shop\/"},{"@type":"ListItem","position":2,"name":"Insider-Dossiers","item":"https:\/\/www.squeaker.net\/shop\/"},{"@type":"ListItem","position":3,"name":"Praktikum im Consulting"}]},{"@type":"WebSite","@id":"https:\/\/www.squeaker.net\/shop\/#website","url":"https:\/\/www.squeaker.net\/shop\/","name":"Insider-Dossiers","description":"Insider-Dossiers by squeaker.net","potentialAction":[{"@type":"SearchAction","target":{"@type":"EntryPoint","urlTemplate":"https:\/\/www.squeaker.net\/shop\/?s={search_term_string}"},"query-input":{"@type":"PropertyValueSpecification","valueRequired":true,"valueName":"search_term_string"}}],"inLanguage":"de"}]}},"jetpack_sharing_enabled":true,"_links":{"self":[{"href":"https:\/\/www.squeaker.net\/shop\/wp-json\/wp\/v2\/product\/1731","targetHints":{"allow":["GET"]}}],"collection":[{"href":"https:\/\/www.squeaker.net\/shop\/wp-json\/wp\/v2\/product"}],"about":[{"href":"https:\/\/www.squeaker.net\/shop\/wp-json\/wp\/v2\/types\/product"}],"wp:featuredmedia":[{"embeddable":true,"href":"https:\/\/www.squeaker.net\/shop\/wp-json\/wp\/v2\/media\/3574"}],"wp:attachment":[{"href":"https:\/\/www.squeaker.net\/shop\/wp-json\/wp\/v2\/media?parent=1731"}],"wp:term":[{"taxonomy":"product_brand","embeddable":true,"href":"https:\/\/www.squeaker.net\/shop\/wp-json\/wp\/v2\/product_brand?post=1731"},{"taxonomy":"product_cat","embeddable":true,"href":"https:\/\/www.squeaker.net\/shop\/wp-json\/wp\/v2\/product_cat?post=1731"},{"taxonomy":"product_tag","embeddable":true,"href":"https:\/\/www.squeaker.net\/shop\/wp-json\/wp\/v2\/product_tag?post=1731"}],"curies":[{"name":"wp","href":"https:\/\/api.w.org\/{rel}","templated":true}]}}