{"id":272,"date":"2017-12-01T17:00:18","date_gmt":"2017-12-01T17:00:18","guid":{"rendered":"https:\/\/www.squeaker.net\/shop\/?post_type=product&#038;p=272"},"modified":"2025-06-26T12:29:04","modified_gmt":"2025-06-26T11:29:04","slug":"consulting-survival-guide","status":"publish","type":"product","link":"https:\/\/www.squeaker.net\/shop\/produkt\/consulting-survival-guide\/","title":{"rendered":"Consulting Survival Guide"},"content":{"rendered":"<p><strong>Du hast deine Consulting-Bewerbung erfolgreich \u00fcberstanden und willst jetzt wissen was einen guten Unternehmensberater ausmacht?<\/strong><\/p>\n<p>Dieses Buch hilft angehenden Berater:innen und Praktikant:innen dabei, die ersten Schritte als Unternehmensberater:in zu meistern und auf Dauer erfolgreich zu sein. Geschrieben von erfahrenen Unternehmensberater:innen f\u00fcr Einsteiger:innen und alle, die schon immer wissen wollten, wie das Leben als Unternehmensberater:in wirklich aussieht. Dieses Buch bietet dabei nicht nur Tipps und Erfahrungen von Insidern, sondern st\u00fctzt sich auch auf qualitative Interviews und einen umfangreichen Online-Survey.<\/p>\n<p>\u201eWarum bereitet ihr euch f\u00fcr das erste Projekt nicht genau so gut vor wie auf das Case-Interview?\u201c -Projektleiter zu Newbie<\/p>\n<ul>\n<li>Bereite dich mit diesem Buch optimal auf deinen Einstieg in die Unternehmensberatung vor und fang an, deine Karriere aktiv zu steuern<\/li>\n<li>Lerne, wie du die n\u00f6tigen Skills f\u00fcr jede Karrierestufe entwickelst und \u00fcberzeugend sowie professionell auftrittst<\/li>\n<li>Erhalte einen lebendigen Blick in die Arbeit als Unternehmensberater:in \u2013 von denjenigen, die wissen, wovon sie sprechen<\/li>\n<\/ul>\n<p><strong>\u00dcbersicht zum Buch Consulting Survival Guide<br \/>\n<\/strong><\/p>\n<p><strong><br \/>\nAktuelle Auflage 2022<\/strong><\/p>\n<p>Inhaltsverzeichnis und Leseprobe der Auflage 2021 als PDF: <a href=\"https:\/\/www.squeaker.net\/file\/upload\/SQN_ConSurGuide_2020_Leseprobe.pdf\" target=\"_blank\" rel=\"noopener noreferrer\">Consulting Survival Guide<\/a><\/p>\n<p>&nbsp;<\/p>\n<p><span class=\"style2\">Kostenlose Lieferung*<\/span>\u00a0und schnelle Zustellung bei Bestellung \u00fcber squeaker.net. Steuerlich absetzbar*.<\/p>\n","protected":false},"excerpt":{"rendered":"<p>Als junger Berater oder Beraterin wirst du ins eiskalte Wasser geworfen. Und dann scheitert der erste Kundenkontakt oder deine Analyse \u00fcberzeugt den\/die Projektleiter:in nicht. Ruin oder Lehrgeld? Wie gehst du als angehender Consultant mit dem Scheitern um? Wenn deine Antwort hier nicht \u201eaus Fehlern kann man lernen\u201c lautet, musst du das Scheitern noch lernen. Denn Scheitern kann man auf viele Arten und Weisen. Und mindestens jede:r zweite Anf\u00e4nger:in hat seine ganz eigene Story parat. Die Neuauflage der SQUEAKER-Insiderlekt\u00fcre <em>Consulting Survival Guide<\/em> zeigt dir den richtigen Weg zum\/zur Partner:in.<\/p>\n","protected":false},"featured_media":3575,"template":"","meta":[],"product_brand":[],"product_cat":[126],"product_tag":[94,85,93,92,97],"class_list":{"0":"post-272","1":"product","2":"type-product","3":"status-publish","4":"has-post-thumbnail","6":"product_cat-young-professionals-consulting","7":"product_tag-bewerbung","8":"product_tag-consulting","9":"product_tag-insider-dossier","10":"product_tag-squeaker-net","11":"product_tag-survival-guide","13":"first","14":"instock","15":"taxable","16":"shipping-taxable","17":"purchasable","18":"product-type-simple"},"yoast_head":"<!-- This site is optimized with the Yoast SEO plugin v27.2 - https:\/\/yoast.com\/product\/yoast-seo-wordpress\/ -->\n<title>Consulting Survival Guide - Insider-Dossiers<\/title>\n<meta name=\"robots\" content=\"index, follow, max-snippet:-1, max-image-preview:large, max-video-preview:-1\" \/>\n<link rel=\"canonical\" href=\"https:\/\/www.squeaker.net\/shop\/produkt\/consulting-survival-guide\/\" \/>\n<meta property=\"og:locale\" content=\"de_DE\" \/>\n<meta property=\"og:type\" content=\"article\" \/>\n<meta property=\"og:title\" content=\"Consulting Survival Guide - Insider-Dossiers\" \/>\n<meta property=\"og:description\" content=\"Als junger Berater oder Beraterin wirst du ins eiskalte Wasser geworfen. Und dann scheitert der erste Kundenkontakt oder deine Analyse \u00fcberzeugt den\/die Projektleiter:in nicht. Ruin oder Lehrgeld? Wie gehst du als angehender Consultant mit dem Scheitern um? Wenn deine Antwort hier nicht \u201eaus Fehlern kann man lernen\u201c lautet, musst du das Scheitern noch lernen. Denn Scheitern kann man auf viele Arten und Weisen. Und mindestens jede:r zweite Anf\u00e4nger:in hat seine ganz eigene Story parat. Die Neuauflage der SQUEAKER-Insiderlekt\u00fcre Consulting Survival Guide zeigt dir den richtigen Weg zum\/zur Partner:in.\" \/>\n<meta property=\"og:url\" content=\"https:\/\/www.squeaker.net\/shop\/produkt\/consulting-survival-guide\/\" \/>\n<meta property=\"og:site_name\" content=\"Insider-Dossiers\" \/>\n<meta property=\"article:modified_time\" content=\"2025-06-26T11:29:04+00:00\" \/>\n<meta property=\"og:image\" content=\"https:\/\/www.squeaker.net\/shop\/wp-content\/uploads\/2023\/03\/SQ_MOCKUP_TEMPLATE_Survival-Guide_1200x1200.png\" \/>\n\t<meta property=\"og:image:width\" content=\"1200\" \/>\n\t<meta property=\"og:image:height\" content=\"1200\" \/>\n\t<meta property=\"og:image:type\" content=\"image\/png\" \/>\n<meta name=\"twitter:card\" content=\"summary_large_image\" \/>\n<meta name=\"twitter:label1\" content=\"Est. reading time\" \/>\n\t<meta name=\"twitter:data1\" content=\"2\u00a0Minuten\" \/>\n<script type=\"application\/ld+json\" class=\"yoast-schema-graph\">{\"@context\":\"https:\/\/schema.org\",\"@graph\":[{\"@type\":\"WebPage\",\"@id\":\"https:\/\/www.squeaker.net\/shop\/produkt\/consulting-survival-guide\/\",\"url\":\"https:\/\/www.squeaker.net\/shop\/produkt\/consulting-survival-guide\/\",\"name\":\"Consulting Survival Guide - Insider-Dossiers\",\"isPartOf\":{\"@id\":\"https:\/\/www.squeaker.net\/shop\/#website\"},\"primaryImageOfPage\":{\"@id\":\"https:\/\/www.squeaker.net\/shop\/produkt\/consulting-survival-guide\/#primaryimage\"},\"image\":{\"@id\":\"https:\/\/www.squeaker.net\/shop\/produkt\/consulting-survival-guide\/#primaryimage\"},\"thumbnailUrl\":\"https:\/\/www.squeaker.net\/shop\/wp-content\/uploads\/2023\/03\/SQ_MOCKUP_TEMPLATE_Survival-Guide_1200x1200.png\",\"datePublished\":\"2017-12-01T17:00:18+00:00\",\"dateModified\":\"2025-06-26T11:29:04+00:00\",\"breadcrumb\":{\"@id\":\"https:\/\/www.squeaker.net\/shop\/produkt\/consulting-survival-guide\/#breadcrumb\"},\"inLanguage\":\"de\",\"potentialAction\":[{\"@type\":\"ReadAction\",\"target\":[\"https:\/\/www.squeaker.net\/shop\/produkt\/consulting-survival-guide\/\"]}]},{\"@type\":\"ImageObject\",\"inLanguage\":\"de\",\"@id\":\"https:\/\/www.squeaker.net\/shop\/produkt\/consulting-survival-guide\/#primaryimage\",\"url\":\"https:\/\/www.squeaker.net\/shop\/wp-content\/uploads\/2023\/03\/SQ_MOCKUP_TEMPLATE_Survival-Guide_1200x1200.png\",\"contentUrl\":\"https:\/\/www.squeaker.net\/shop\/wp-content\/uploads\/2023\/03\/SQ_MOCKUP_TEMPLATE_Survival-Guide_1200x1200.png\",\"width\":1200,\"height\":1200,\"caption\":\"Eine Visualisierung des Buches \u201cConsulting Survival Guide\u201d aufrecht stehend auf hellem Hintergrund\"},{\"@type\":\"BreadcrumbList\",\"@id\":\"https:\/\/www.squeaker.net\/shop\/produkt\/consulting-survival-guide\/#breadcrumb\",\"itemListElement\":[{\"@type\":\"ListItem\",\"position\":1,\"name\":\"Home\",\"item\":\"https:\/\/www.squeaker.net\/shop\/\"},{\"@type\":\"ListItem\",\"position\":2,\"name\":\"Insider-Dossiers\",\"item\":\"https:\/\/www.squeaker.net\/shop\/\"},{\"@type\":\"ListItem\",\"position\":3,\"name\":\"Consulting Survival Guide\"}]},{\"@type\":\"WebSite\",\"@id\":\"https:\/\/www.squeaker.net\/shop\/#website\",\"url\":\"https:\/\/www.squeaker.net\/shop\/\",\"name\":\"Insider-Dossiers\",\"description\":\"Insider-Dossiers by squeaker.net\",\"potentialAction\":[{\"@type\":\"SearchAction\",\"target\":{\"@type\":\"EntryPoint\",\"urlTemplate\":\"https:\/\/www.squeaker.net\/shop\/?s={search_term_string}\"},\"query-input\":{\"@type\":\"PropertyValueSpecification\",\"valueRequired\":true,\"valueName\":\"search_term_string\"}}],\"inLanguage\":\"de\"}]}<\/script>\n<!-- \/ Yoast SEO plugin. -->","yoast_head_json":{"title":"Consulting Survival Guide - Insider-Dossiers","robots":{"index":"index","follow":"follow","max-snippet":"max-snippet:-1","max-image-preview":"max-image-preview:large","max-video-preview":"max-video-preview:-1"},"canonical":"https:\/\/www.squeaker.net\/shop\/produkt\/consulting-survival-guide\/","og_locale":"de_DE","og_type":"article","og_title":"Consulting Survival Guide - Insider-Dossiers","og_description":"Als junger Berater oder Beraterin wirst du ins eiskalte Wasser geworfen. Und dann scheitert der erste Kundenkontakt oder deine Analyse \u00fcberzeugt den\/die Projektleiter:in nicht. Ruin oder Lehrgeld? Wie gehst du als angehender Consultant mit dem Scheitern um? Wenn deine Antwort hier nicht \u201eaus Fehlern kann man lernen\u201c lautet, musst du das Scheitern noch lernen. Denn Scheitern kann man auf viele Arten und Weisen. Und mindestens jede:r zweite Anf\u00e4nger:in hat seine ganz eigene Story parat. Die Neuauflage der SQUEAKER-Insiderlekt\u00fcre Consulting Survival Guide zeigt dir den richtigen Weg zum\/zur Partner:in.","og_url":"https:\/\/www.squeaker.net\/shop\/produkt\/consulting-survival-guide\/","og_site_name":"Insider-Dossiers","article_modified_time":"2025-06-26T11:29:04+00:00","og_image":[{"width":1200,"height":1200,"url":"https:\/\/www.squeaker.net\/shop\/wp-content\/uploads\/2023\/03\/SQ_MOCKUP_TEMPLATE_Survival-Guide_1200x1200.png","type":"image\/png"}],"twitter_card":"summary_large_image","twitter_misc":{"Est. reading time":"2\u00a0Minuten"},"schema":{"@context":"https:\/\/schema.org","@graph":[{"@type":"WebPage","@id":"https:\/\/www.squeaker.net\/shop\/produkt\/consulting-survival-guide\/","url":"https:\/\/www.squeaker.net\/shop\/produkt\/consulting-survival-guide\/","name":"Consulting Survival Guide - Insider-Dossiers","isPartOf":{"@id":"https:\/\/www.squeaker.net\/shop\/#website"},"primaryImageOfPage":{"@id":"https:\/\/www.squeaker.net\/shop\/produkt\/consulting-survival-guide\/#primaryimage"},"image":{"@id":"https:\/\/www.squeaker.net\/shop\/produkt\/consulting-survival-guide\/#primaryimage"},"thumbnailUrl":"https:\/\/www.squeaker.net\/shop\/wp-content\/uploads\/2023\/03\/SQ_MOCKUP_TEMPLATE_Survival-Guide_1200x1200.png","datePublished":"2017-12-01T17:00:18+00:00","dateModified":"2025-06-26T11:29:04+00:00","breadcrumb":{"@id":"https:\/\/www.squeaker.net\/shop\/produkt\/consulting-survival-guide\/#breadcrumb"},"inLanguage":"de","potentialAction":[{"@type":"ReadAction","target":["https:\/\/www.squeaker.net\/shop\/produkt\/consulting-survival-guide\/"]}]},{"@type":"ImageObject","inLanguage":"de","@id":"https:\/\/www.squeaker.net\/shop\/produkt\/consulting-survival-guide\/#primaryimage","url":"https:\/\/www.squeaker.net\/shop\/wp-content\/uploads\/2023\/03\/SQ_MOCKUP_TEMPLATE_Survival-Guide_1200x1200.png","contentUrl":"https:\/\/www.squeaker.net\/shop\/wp-content\/uploads\/2023\/03\/SQ_MOCKUP_TEMPLATE_Survival-Guide_1200x1200.png","width":1200,"height":1200,"caption":"Eine Visualisierung des Buches \u201cConsulting Survival Guide\u201d aufrecht stehend auf hellem Hintergrund"},{"@type":"BreadcrumbList","@id":"https:\/\/www.squeaker.net\/shop\/produkt\/consulting-survival-guide\/#breadcrumb","itemListElement":[{"@type":"ListItem","position":1,"name":"Home","item":"https:\/\/www.squeaker.net\/shop\/"},{"@type":"ListItem","position":2,"name":"Insider-Dossiers","item":"https:\/\/www.squeaker.net\/shop\/"},{"@type":"ListItem","position":3,"name":"Consulting Survival Guide"}]},{"@type":"WebSite","@id":"https:\/\/www.squeaker.net\/shop\/#website","url":"https:\/\/www.squeaker.net\/shop\/","name":"Insider-Dossiers","description":"Insider-Dossiers by squeaker.net","potentialAction":[{"@type":"SearchAction","target":{"@type":"EntryPoint","urlTemplate":"https:\/\/www.squeaker.net\/shop\/?s={search_term_string}"},"query-input":{"@type":"PropertyValueSpecification","valueRequired":true,"valueName":"search_term_string"}}],"inLanguage":"de"}]}},"jetpack_sharing_enabled":true,"_links":{"self":[{"href":"https:\/\/www.squeaker.net\/shop\/wp-json\/wp\/v2\/product\/272","targetHints":{"allow":["GET"]}}],"collection":[{"href":"https:\/\/www.squeaker.net\/shop\/wp-json\/wp\/v2\/product"}],"about":[{"href":"https:\/\/www.squeaker.net\/shop\/wp-json\/wp\/v2\/types\/product"}],"wp:featuredmedia":[{"embeddable":true,"href":"https:\/\/www.squeaker.net\/shop\/wp-json\/wp\/v2\/media\/3575"}],"wp:attachment":[{"href":"https:\/\/www.squeaker.net\/shop\/wp-json\/wp\/v2\/media?parent=272"}],"wp:term":[{"taxonomy":"product_brand","embeddable":true,"href":"https:\/\/www.squeaker.net\/shop\/wp-json\/wp\/v2\/product_brand?post=272"},{"taxonomy":"product_cat","embeddable":true,"href":"https:\/\/www.squeaker.net\/shop\/wp-json\/wp\/v2\/product_cat?post=272"},{"taxonomy":"product_tag","embeddable":true,"href":"https:\/\/www.squeaker.net\/shop\/wp-json\/wp\/v2\/product_tag?post=272"}],"curies":[{"name":"wp","href":"https:\/\/api.w.org\/{rel}","templated":true}]}}