{"id":306,"date":"2023-03-01T16:00:04","date_gmt":"2023-03-01T15:00:04","guid":{"rendered":"https:\/\/www.squeaker.net\/shop\/?post_type=product&#038;p=306"},"modified":"2025-06-26T09:41:12","modified_gmt":"2025-06-26T08:41:12","slug":"bewerbung-bei-unternehmensberatungen","status":"publish","type":"product","link":"https:\/\/www.squeaker.net\/shop\/produkt\/bewerbung-bei-unternehmensberatungen\/","title":{"rendered":"Bewerbung bei Unternehmensberatungen"},"content":{"rendered":"<p><b>Es gibt nur ein Buch, wenn es um die Consulting-Bewerbung geht<\/b><\/p>\n<p><span style=\"font-weight: 400;\">Diese j\u00e4hrlich aktualisierte \u201eBewerber-Bibel\u201c ist das marktf\u00fchrende Buch zur Consulting-Bewerbung bei namhaften Firmen im deutschsprachigen Raum. Hier wird nicht nur das Wissen \u00fcber die wichtigsten betriebswirtschaftlichen Begriffe und Konzepte aufgefrischt, sondern auch hilfreiche Frameworks an die Hand gegeben, die sich gut in die Praxis umsetzen lassen. Du erf\u00e4hrst mehr \u00fcber den Ablauf und die Elemente eines typischen Vorstellungsgespr\u00e4chs und bekommst wertvolle Tipps zur Consulting-Case-L\u00f6sung.<\/span><\/p>\n<p><span style=\"font-weight: 400;\">Dadurch k\u00f6nnen die von den Beratungsfirmen geforderten \u00fcberdurchschnittlichen F\u00e4higkeiten bei der Probleml\u00f6sung und -strukturierung unter Beweis gestellt werden. Diverse Unternehmensprofile verschaffen dir einen umfassenden \u00dcberblick \u00fcber nationale sowie internationale Beratungsfirmen, ebenso stehen Erfahrungsberichte von Bewerber:innen zur Verf\u00fcgung.<\/span><\/p>\n<p><span style=\"font-weight: 400;\">Der Ratgeber wurde von Branchenkennern geschrieben und bietet in der 21. \u00fcberarbeiteten Auflage:<\/span><\/p>\n<ul>\n<li><span style=\"font-weight: 400;\">einen \u00dcberblick \u00fcber die Branche und deren Player, von Strategieberatung \u00fcber Boutique zu Inhouse-Beratung<\/span><\/li>\n<li><span style=\"font-weight: 400;\">eine Einf\u00fchrung in Bewerbungsverfahren und Anforderungen an die Bewerber<\/span><\/li>\n<li><span style=\"font-weight: 400;\">22 typische Consulting Cases mit Musterl\u00f6sungen<\/span><\/li>\n<li><span style=\"font-weight: 400;\">eine Wiederholung von BWL-Basics mit Frameworks zur Case-L\u00f6sung<\/span><\/li>\n<li><span style=\"font-weight: 400;\">n\u00fctzliche Brainteaser, Logiktests, Mathe-Grundlagen und Absch\u00e4tzungsf\u00e4lle<\/span><\/li>\n<li><span style=\"font-weight: 400;\">Erfahrungsberichte \u00fcber aktuelle Bewerbungsgespr\u00e4che<\/span><\/li>\n<\/ul>\n<p><span style=\"font-weight: 400;\">Dieses Insider-Dossier ist f\u00fcr alle, die sich auf die Bewerbung bei einer namhaften Management-Beratung vorbereiten oder die ein Case-Interview bei einem anderen Unternehmen erwartet. Bereits in der 21. Auflage wird dieses Bewerber-Buch mit Insider-Wissen aus dem Karriere-Netzwerk squeaker.net regelm\u00e4\u00dfig aktualisiert und um neue Consulting-Cases erweitert.<\/span><\/p>\n<p><b>Meinungen und Rezensionen zum Consulting-Buch<\/b><\/p>\n<p><span style=\"font-weight: 400;\">\u201eNiemand sollte sich bei McKinsey &amp; Co bewerben bevor er dieses Buch gelesen hat\u201c (Handelsblatt)<\/span><\/p>\n<p><span style=\"font-weight: 400;\">\u201eFazit: Das Buch bietet eine Reihe von klassischen und aktuellen Cases, sowie einige Brainteaser und ist f\u00fcr alle Consulting-Interessierten zu empfehlen.\u201c (deutschlands100.de)<\/span><\/p>\n<p><span style=\"font-weight: 400;\">\u201eEin Buch, dass sich f\u00fcr jedermann eignet, der ernsthaft mit dem Gedanken spielt in der Beraterbranche beruflich Fu\u00df zu fassen. Ob BWLer oder Exot, Berufseinsteiger oder Young Professional, jeder kann bei diesem Buch noch viel Wissen und wertvolle Hinweise mit in den Bewerbungsprozess mitnehmen.\u201c (Type Magazine)<\/span><\/p>\n<p><span style=\"font-weight: 400;\">\u201eDas Insider-Dossier \u201eBewerbung bei Unternehmensberatungen\u201c bietet angehenden Unternehmensberatern bei der Karriereplanung und Bewerbung f\u00fcr Praktikum oder Berufseinstieg bei Consulting-Unternehmen einen entscheidenden Wissensvorsprung\u201c (Hobsons)<\/span><\/p>\n<p><strong>\u00dcbersicht zum Buch\u00a0Bewerbung bei Unternehmensberatungen<\/strong><\/p>\n<p><span style=\"font-weight: 400;\">Inhaltsverzeichnis und\u00a0<\/span><span style=\"font-weight: 400;\">Leseprobe als PDF: <\/span><a href=\"https:\/\/www.squeaker.net\/file\/upload\/Leseprobe-und-IHV-BewerbungbUB.pdf\"><span style=\"font-weight: 400;\">\u201eBewerbung bei Unternehmensberatungen\u201c<\/span><\/a><\/p>\n<p><span class=\"style2\">Kostenlose Lieferung*<\/span>\u00a0und schnelle Zustellung bei Bestellung \u00fcber squeaker.net. Steuerlich absetzbar*.<\/p>\n<p>Unsere E-BOOKs sind mit DRM kopiergesch\u00fctzt. Du ben\u00f6tigst hierzu ein Leseprogramm, welches mit kopiergesch\u00fctzten Inhalten umgehen kann. Wir empfehlen die kostenlose Software \u201cAdobe Digital Editions\u201d (ADE). <a href=\"https:\/\/www.squeaker.net\/ratgeber\/magazine-ebooks-drm-schutz\/\">Weitere Infos hier.<\/a><\/p>\n","protected":false},"excerpt":{"rendered":"<p><span style=\"font-weight: 400;\">Die perfekte Bewerbung bei renommierten Unternehmensberatungen einreichen und im Vorstellungsgespr\u00e4ch punkten? Mit dieser Bewerber-Bibel f\u00fcr Absolvent:innen und angehende <\/span><span style=\"font-weight: 400;\">Berater:innen kein Problem. Das Know-How von erfolgreichen Bewerber:innen aus dem Consulting macht dich fit f\u00fcr einen erfolgreichen Karriereeinstieg und liefert dir den entscheidenden Wissensvorsprung, um Bewerbungen und Case Interviews professionell zu meistern. Das Insider-Dossier ist seit mehr als 20 Jahren das marktf\u00fchrende Buch zur Consulting-Bewerbung.<\/span><\/p>\n","protected":false},"featured_media":3854,"template":"","meta":[],"product_brand":[],"product_cat":[84,125],"product_tag":[94,86,85,123,124],"class_list":{"0":"post-306","1":"product","2":"type-product","3":"status-publish","4":"has-post-thumbnail","6":"product_cat-absolventen-absolventinnen-consulting","7":"product_cat-consulting-studierende","8":"product_tag-bewerbung","9":"product_tag-case-training","10":"product_tag-consulting","11":"product_tag-unternehmensberatung","12":"product_tag-vorstellungsgespraech","14":"first","15":"instock","16":"featured","17":"taxable","18":"shipping-taxable","19":"purchasable","20":"product-type-simple"},"yoast_head":"<!-- This site is optimized with the Yoast SEO plugin v27.2 - https:\/\/yoast.com\/product\/yoast-seo-wordpress\/ -->\n<title>Bewerbung bei Unternehmensberatungen - Insider-Dossiers<\/title>\n<meta name=\"description\" content=\"Diese j\u00e4hrlich aktualisierte \u201eBewerber-Bibel\u201c ist das marktf\u00fchrende Buch zur Consulting-Bewerbung bei namhaften Firmen im deutschsprachigen Raum. Hier wird nicht nur das Wissen \u00fcber die wichtigsten betriebswirtschaftlichen Begriffe und Konzepte aufgefrischt, sondern auch hilfreiche Frameworks an die Hand gegeben, die sich gut in die Praxis umsetzen lassen. Du erf\u00e4hrst mehr \u00fcber den Ablauf und die Elemente eines typischen Vorstellungsgespr\u00e4chs und bekommst wertvolle Tipps zur Consulting-Case-L\u00f6sung.\" \/>\n<meta name=\"robots\" content=\"index, follow, max-snippet:-1, max-image-preview:large, max-video-preview:-1\" \/>\n<link rel=\"canonical\" href=\"https:\/\/www.squeaker.net\/shop\/produkt\/bewerbung-bei-unternehmensberatungen\/\" \/>\n<meta property=\"og:locale\" content=\"de_DE\" \/>\n<meta property=\"og:type\" content=\"article\" \/>\n<meta property=\"og:title\" content=\"Bewerbung bei Unternehmensberatungen - Insider-Dossiers\" \/>\n<meta property=\"og:description\" content=\"Diese j\u00e4hrlich aktualisierte \u201eBewerber-Bibel\u201c ist das marktf\u00fchrende Buch zur Consulting-Bewerbung bei namhaften Firmen im deutschsprachigen Raum. Hier wird nicht nur das Wissen \u00fcber die wichtigsten betriebswirtschaftlichen Begriffe und Konzepte aufgefrischt, sondern auch hilfreiche Frameworks an die Hand gegeben, die sich gut in die Praxis umsetzen lassen. Du erf\u00e4hrst mehr \u00fcber den Ablauf und die Elemente eines typischen Vorstellungsgespr\u00e4chs und bekommst wertvolle Tipps zur Consulting-Case-L\u00f6sung.\" \/>\n<meta property=\"og:url\" content=\"https:\/\/www.squeaker.net\/shop\/produkt\/bewerbung-bei-unternehmensberatungen\/\" \/>\n<meta property=\"og:site_name\" content=\"Insider-Dossiers\" \/>\n<meta property=\"article:modified_time\" content=\"2025-06-26T08:41:12+00:00\" \/>\n<meta property=\"og:image\" content=\"https:\/\/www.squeaker.net\/shop\/wp-content\/uploads\/2023\/03\/SQ_Magazin_BewerbungbeiUB-2025-min-1-1-scaled.png\" \/>\n\t<meta property=\"og:image:width\" content=\"2560\" \/>\n\t<meta property=\"og:image:height\" content=\"2560\" \/>\n\t<meta property=\"og:image:type\" content=\"image\/png\" \/>\n<meta name=\"twitter:card\" content=\"summary_large_image\" \/>\n<meta name=\"twitter:label1\" content=\"Est. reading time\" \/>\n\t<meta name=\"twitter:data1\" content=\"3\u00a0Minuten\" \/>\n<script type=\"application\/ld+json\" class=\"yoast-schema-graph\">{\"@context\":\"https:\/\/schema.org\",\"@graph\":[{\"@type\":\"WebPage\",\"@id\":\"https:\/\/www.squeaker.net\/shop\/produkt\/bewerbung-bei-unternehmensberatungen\/\",\"url\":\"https:\/\/www.squeaker.net\/shop\/produkt\/bewerbung-bei-unternehmensberatungen\/\",\"name\":\"Bewerbung bei Unternehmensberatungen - Insider-Dossiers\",\"isPartOf\":{\"@id\":\"https:\/\/www.squeaker.net\/shop\/#website\"},\"primaryImageOfPage\":{\"@id\":\"https:\/\/www.squeaker.net\/shop\/produkt\/bewerbung-bei-unternehmensberatungen\/#primaryimage\"},\"image\":{\"@id\":\"https:\/\/www.squeaker.net\/shop\/produkt\/bewerbung-bei-unternehmensberatungen\/#primaryimage\"},\"thumbnailUrl\":\"https:\/\/www.squeaker.net\/shop\/wp-content\/uploads\/2023\/03\/SQ_Magazin_BewerbungbeiUB-2025-min-1-1-scaled.png\",\"datePublished\":\"2023-03-01T15:00:04+00:00\",\"dateModified\":\"2025-06-26T08:41:12+00:00\",\"description\":\"Diese j\u00e4hrlich aktualisierte \u201eBewerber-Bibel\u201c ist das marktf\u00fchrende Buch zur Consulting-Bewerbung bei namhaften Firmen im deutschsprachigen Raum. Hier wird nicht nur das Wissen \u00fcber die wichtigsten betriebswirtschaftlichen Begriffe und Konzepte aufgefrischt, sondern auch hilfreiche Frameworks an die Hand gegeben, die sich gut in die Praxis umsetzen lassen. Du erf\u00e4hrst mehr \u00fcber den Ablauf und die Elemente eines typischen Vorstellungsgespr\u00e4chs und bekommst wertvolle Tipps zur Consulting-Case-L\u00f6sung.\",\"breadcrumb\":{\"@id\":\"https:\/\/www.squeaker.net\/shop\/produkt\/bewerbung-bei-unternehmensberatungen\/#breadcrumb\"},\"inLanguage\":\"de\",\"potentialAction\":[{\"@type\":\"ReadAction\",\"target\":[\"https:\/\/www.squeaker.net\/shop\/produkt\/bewerbung-bei-unternehmensberatungen\/\"]}]},{\"@type\":\"ImageObject\",\"inLanguage\":\"de\",\"@id\":\"https:\/\/www.squeaker.net\/shop\/produkt\/bewerbung-bei-unternehmensberatungen\/#primaryimage\",\"url\":\"https:\/\/www.squeaker.net\/shop\/wp-content\/uploads\/2023\/03\/SQ_Magazin_BewerbungbeiUB-2025-min-1-1-scaled.png\",\"contentUrl\":\"https:\/\/www.squeaker.net\/shop\/wp-content\/uploads\/2023\/03\/SQ_Magazin_BewerbungbeiUB-2025-min-1-1-scaled.png\",\"width\":2560,\"height\":2560,\"caption\":\"Eine Visualisierung des Buches \u201cBewerbung bei Unternehmensberatungen\u201d aufrecht stehend auf hellem Hintergrund\"},{\"@type\":\"BreadcrumbList\",\"@id\":\"https:\/\/www.squeaker.net\/shop\/produkt\/bewerbung-bei-unternehmensberatungen\/#breadcrumb\",\"itemListElement\":[{\"@type\":\"ListItem\",\"position\":1,\"name\":\"Home\",\"item\":\"https:\/\/www.squeaker.net\/shop\/\"},{\"@type\":\"ListItem\",\"position\":2,\"name\":\"Insider-Dossiers\",\"item\":\"https:\/\/www.squeaker.net\/shop\/\"},{\"@type\":\"ListItem\",\"position\":3,\"name\":\"Bewerbung bei Unternehmensberatungen\"}]},{\"@type\":\"WebSite\",\"@id\":\"https:\/\/www.squeaker.net\/shop\/#website\",\"url\":\"https:\/\/www.squeaker.net\/shop\/\",\"name\":\"Insider-Dossiers\",\"description\":\"Insider-Dossiers by squeaker.net\",\"potentialAction\":[{\"@type\":\"SearchAction\",\"target\":{\"@type\":\"EntryPoint\",\"urlTemplate\":\"https:\/\/www.squeaker.net\/shop\/?s={search_term_string}\"},\"query-input\":{\"@type\":\"PropertyValueSpecification\",\"valueRequired\":true,\"valueName\":\"search_term_string\"}}],\"inLanguage\":\"de\"}]}<\/script>\n<!-- \/ Yoast SEO plugin. -->","yoast_head_json":{"title":"Bewerbung bei Unternehmensberatungen - Insider-Dossiers","description":"Diese j\u00e4hrlich aktualisierte \u201eBewerber-Bibel\u201c ist das marktf\u00fchrende Buch zur Consulting-Bewerbung bei namhaften Firmen im deutschsprachigen Raum. Hier wird nicht nur das Wissen \u00fcber die wichtigsten betriebswirtschaftlichen Begriffe und Konzepte aufgefrischt, sondern auch hilfreiche Frameworks an die Hand gegeben, die sich gut in die Praxis umsetzen lassen. Du erf\u00e4hrst mehr \u00fcber den Ablauf und die Elemente eines typischen Vorstellungsgespr\u00e4chs und bekommst wertvolle Tipps zur Consulting-Case-L\u00f6sung.","robots":{"index":"index","follow":"follow","max-snippet":"max-snippet:-1","max-image-preview":"max-image-preview:large","max-video-preview":"max-video-preview:-1"},"canonical":"https:\/\/www.squeaker.net\/shop\/produkt\/bewerbung-bei-unternehmensberatungen\/","og_locale":"de_DE","og_type":"article","og_title":"Bewerbung bei Unternehmensberatungen - Insider-Dossiers","og_description":"Diese j\u00e4hrlich aktualisierte \u201eBewerber-Bibel\u201c ist das marktf\u00fchrende Buch zur Consulting-Bewerbung bei namhaften Firmen im deutschsprachigen Raum. Hier wird nicht nur das Wissen \u00fcber die wichtigsten betriebswirtschaftlichen Begriffe und Konzepte aufgefrischt, sondern auch hilfreiche Frameworks an die Hand gegeben, die sich gut in die Praxis umsetzen lassen. Du erf\u00e4hrst mehr \u00fcber den Ablauf und die Elemente eines typischen Vorstellungsgespr\u00e4chs und bekommst wertvolle Tipps zur Consulting-Case-L\u00f6sung.","og_url":"https:\/\/www.squeaker.net\/shop\/produkt\/bewerbung-bei-unternehmensberatungen\/","og_site_name":"Insider-Dossiers","article_modified_time":"2025-06-26T08:41:12+00:00","og_image":[{"width":2560,"height":2560,"url":"https:\/\/www.squeaker.net\/shop\/wp-content\/uploads\/2023\/03\/SQ_Magazin_BewerbungbeiUB-2025-min-1-1-scaled.png","type":"image\/png"}],"twitter_card":"summary_large_image","twitter_misc":{"Est. reading time":"3\u00a0Minuten"},"schema":{"@context":"https:\/\/schema.org","@graph":[{"@type":"WebPage","@id":"https:\/\/www.squeaker.net\/shop\/produkt\/bewerbung-bei-unternehmensberatungen\/","url":"https:\/\/www.squeaker.net\/shop\/produkt\/bewerbung-bei-unternehmensberatungen\/","name":"Bewerbung bei Unternehmensberatungen - Insider-Dossiers","isPartOf":{"@id":"https:\/\/www.squeaker.net\/shop\/#website"},"primaryImageOfPage":{"@id":"https:\/\/www.squeaker.net\/shop\/produkt\/bewerbung-bei-unternehmensberatungen\/#primaryimage"},"image":{"@id":"https:\/\/www.squeaker.net\/shop\/produkt\/bewerbung-bei-unternehmensberatungen\/#primaryimage"},"thumbnailUrl":"https:\/\/www.squeaker.net\/shop\/wp-content\/uploads\/2023\/03\/SQ_Magazin_BewerbungbeiUB-2025-min-1-1-scaled.png","datePublished":"2023-03-01T15:00:04+00:00","dateModified":"2025-06-26T08:41:12+00:00","description":"Diese j\u00e4hrlich aktualisierte \u201eBewerber-Bibel\u201c ist das marktf\u00fchrende Buch zur Consulting-Bewerbung bei namhaften Firmen im deutschsprachigen Raum. Hier wird nicht nur das Wissen \u00fcber die wichtigsten betriebswirtschaftlichen Begriffe und Konzepte aufgefrischt, sondern auch hilfreiche Frameworks an die Hand gegeben, die sich gut in die Praxis umsetzen lassen. Du erf\u00e4hrst mehr \u00fcber den Ablauf und die Elemente eines typischen Vorstellungsgespr\u00e4chs und bekommst wertvolle Tipps zur Consulting-Case-L\u00f6sung.","breadcrumb":{"@id":"https:\/\/www.squeaker.net\/shop\/produkt\/bewerbung-bei-unternehmensberatungen\/#breadcrumb"},"inLanguage":"de","potentialAction":[{"@type":"ReadAction","target":["https:\/\/www.squeaker.net\/shop\/produkt\/bewerbung-bei-unternehmensberatungen\/"]}]},{"@type":"ImageObject","inLanguage":"de","@id":"https:\/\/www.squeaker.net\/shop\/produkt\/bewerbung-bei-unternehmensberatungen\/#primaryimage","url":"https:\/\/www.squeaker.net\/shop\/wp-content\/uploads\/2023\/03\/SQ_Magazin_BewerbungbeiUB-2025-min-1-1-scaled.png","contentUrl":"https:\/\/www.squeaker.net\/shop\/wp-content\/uploads\/2023\/03\/SQ_Magazin_BewerbungbeiUB-2025-min-1-1-scaled.png","width":2560,"height":2560,"caption":"Eine Visualisierung des Buches \u201cBewerbung bei Unternehmensberatungen\u201d aufrecht stehend auf hellem Hintergrund"},{"@type":"BreadcrumbList","@id":"https:\/\/www.squeaker.net\/shop\/produkt\/bewerbung-bei-unternehmensberatungen\/#breadcrumb","itemListElement":[{"@type":"ListItem","position":1,"name":"Home","item":"https:\/\/www.squeaker.net\/shop\/"},{"@type":"ListItem","position":2,"name":"Insider-Dossiers","item":"https:\/\/www.squeaker.net\/shop\/"},{"@type":"ListItem","position":3,"name":"Bewerbung bei Unternehmensberatungen"}]},{"@type":"WebSite","@id":"https:\/\/www.squeaker.net\/shop\/#website","url":"https:\/\/www.squeaker.net\/shop\/","name":"Insider-Dossiers","description":"Insider-Dossiers by squeaker.net","potentialAction":[{"@type":"SearchAction","target":{"@type":"EntryPoint","urlTemplate":"https:\/\/www.squeaker.net\/shop\/?s={search_term_string}"},"query-input":{"@type":"PropertyValueSpecification","valueRequired":true,"valueName":"search_term_string"}}],"inLanguage":"de"}]}},"jetpack_sharing_enabled":true,"_links":{"self":[{"href":"https:\/\/www.squeaker.net\/shop\/wp-json\/wp\/v2\/product\/306","targetHints":{"allow":["GET"]}}],"collection":[{"href":"https:\/\/www.squeaker.net\/shop\/wp-json\/wp\/v2\/product"}],"about":[{"href":"https:\/\/www.squeaker.net\/shop\/wp-json\/wp\/v2\/types\/product"}],"wp:featuredmedia":[{"embeddable":true,"href":"https:\/\/www.squeaker.net\/shop\/wp-json\/wp\/v2\/media\/3854"}],"wp:attachment":[{"href":"https:\/\/www.squeaker.net\/shop\/wp-json\/wp\/v2\/media?parent=306"}],"wp:term":[{"taxonomy":"product_brand","embeddable":true,"href":"https:\/\/www.squeaker.net\/shop\/wp-json\/wp\/v2\/product_brand?post=306"},{"taxonomy":"product_cat","embeddable":true,"href":"https:\/\/www.squeaker.net\/shop\/wp-json\/wp\/v2\/product_cat?post=306"},{"taxonomy":"product_tag","embeddable":true,"href":"https:\/\/www.squeaker.net\/shop\/wp-json\/wp\/v2\/product_tag?post=306"}],"curies":[{"name":"wp","href":"https:\/\/api.w.org\/{rel}","templated":true}]}}